{"id":649,"date":"2023-06-22T17:16:25","date_gmt":"2023-06-22T20:16:25","guid":{"rendered":"https:\/\/sites.ufca.edu.br\/treinamento-sites\/?page_id=649"},"modified":"2023-06-22T17:16:25","modified_gmt":"2023-06-22T20:16:25","slug":"formulario-para-adicao-de-plugin-externo","status":"publish","type":"page","link":"https:\/\/sites.ufca.edu.br\/treinamento-sites\/formulario-para-adicao-de-plugin-externo\/","title":{"rendered":"Formul\u00e1rio para adi\u00e7\u00e3o de plugin externo"},"content":{"rendered":"<div role=\"form\" class=\"wpcf7\" id=\"wpcf7-f648-o1\" lang=\"pt-BR\" dir=\"ltr\">\n<div class=\"screen-reader-response\" role=\"alert\" aria-live=\"polite\"><\/div>\n<form action=\"\/treinamento-sites\/wp-json\/wp\/v2\/pages\/649#wpcf7-f648-o1\" method=\"post\" class=\"wpcf7-form init\" novalidate=\"novalidate\">\n<div style=\"display: none;\">\n<input type=\"hidden\" name=\"_wpcf7\" value=\"648\" \/>\n<input type=\"hidden\" name=\"_wpcf7_version\" value=\"5.2.2\" \/>\n<input type=\"hidden\" name=\"_wpcf7_locale\" value=\"pt_BR\" \/>\n<input type=\"hidden\" name=\"_wpcf7_unit_tag\" value=\"wpcf7-f648-o1\" \/>\n<input type=\"hidden\" name=\"_wpcf7_container_post\" value=\"0\" \/>\n<input type=\"hidden\" name=\"_wpcf7_posted_data_hash\" value=\"\" \/>\n<\/div>\n<h2>Sobre o solicitante<\/h2>\n<div class=\"row\">\n<div class=\"eleven columns alpha\">\n        <label for=\"\">Nome *<\/label><br \/>\n        <span class=\"wpcf7-form-control-wrap nome\"><input type=\"text\" name=\"nome\" value=\"\" size=\"40\" class=\"wpcf7-form-control wpcf7-text wpcf7-validates-as-required\" aria-required=\"true\" aria-invalid=\"false\" \/><\/span>\n    <\/div>\n<\/div>\n<div class=\"row\">\n<div class=\"eleven columns alpha\">\n        <label for=\"\">E-mail *<\/label><br \/>\n        <span class=\"wpcf7-form-control-wrap email\"><input type=\"email\" name=\"email\" value=\"\" size=\"40\" class=\"wpcf7-form-control wpcf7-text wpcf7-email wpcf7-validates-as-required wpcf7-validates-as-email\" aria-required=\"true\" aria-invalid=\"false\" \/><\/span><\/p>\n<p class=\"info\">E-mail pessoal ou institucional do solicitante.<\/p>\n<\/p><\/div>\n<\/div>\n<div class=\"row\">\n<div class=\"eight columns alpha\">\n        <label for=\"\">Siape *<\/label><br \/>\n        <span class=\"wpcf7-form-control-wrap siape\"><input type=\"text\" name=\"siape\" value=\"\" size=\"40\" maxlength=\"10\" class=\"wpcf7-form-control wpcf7-text wpcf7-validates-as-required\" aria-required=\"true\" aria-invalid=\"false\" \/><\/span>\n    <\/div>\n<div class=\"four columns alpha\">\n        <label for=\"\">Telefone *<\/label><br \/>\n        <span class=\"wpcf7-form-control-wrap telefone\"><input type=\"text\" name=\"telefone\" value=\"\" size=\"40\" class=\"wpcf7-form-control wpcf7-text wpcf7-validates-as-required\" aria-required=\"true\" aria-invalid=\"false\" \/><\/span>\n    <\/div>\n<\/div>\n<div class=\"row\">\n<div class=\"six columns alpha\">\n        <label for=\"\">Setor *<\/label><br \/>\n       <span class=\"wpcf7-form-control-wrap setor\"><select name=\"setor\" class=\"wpcf7-form-control wpcf7-select wpcf7-validates-as-required\" aria-required=\"true\" aria-invalid=\"false\"><option value=\"Bolsista\">Bolsista<\/option><option value=\"Centro de Ci\u00eancias Agr\u00e1rias e da Biodiversidade - CCAB\">Centro de Ci\u00eancias Agr\u00e1rias e da Biodiversidade - CCAB<\/option><option value=\"Centro de Ci\u00eancias e Tecnologia - CCT\">Centro de Ci\u00eancias e Tecnologia - CCT<\/option><option value=\"Centro de Ci\u00eancias Sociais Aplicadas - CCSA\">Centro de Ci\u00eancias Sociais Aplicadas - CCSA<\/option><option value=\"Comit\u00ea Gestor de TI - CGTI\">Comit\u00ea Gestor de TI - CGTI<\/option><option value=\"Conselho Superior\">Conselho Superior<\/option><option value=\"Coordenadoria de Acessibilidade\">Coordenadoria de Acessibilidade<\/option><option value=\"Coordenadoria dos Org\u00e3os de Delibera\u00e7\u00e3o Coletiva\">Coordenadoria dos Org\u00e3os de Delibera\u00e7\u00e3o Coletiva<\/option><option value=\"Diretoria de Articula\u00e7\u00e3o e Rela\u00e7\u00f5es Institucionais com a Comunidade - DIARI\">Diretoria de Articula\u00e7\u00e3o e Rela\u00e7\u00f5es Institucionais com a Comunidade - DIARI<\/option><option value=\"Diretoria de Assist\u00eancia Estudantil - DAE\">Diretoria de Assist\u00eancia Estudantil - DAE<\/option><option value=\"Diretoria de Comunica\u00e7\u00e3o - DCOM\">Diretoria de Comunica\u00e7\u00e3o - DCOM<\/option><option value=\"Diretoria de Coopera\u00e7\u00e3o Internacional - DCI\">Diretoria de Coopera\u00e7\u00e3o Internacional - DCI<\/option><option value=\"Diretoria de Gest\u00e3o de Servi\u00e7os - DGS\">Diretoria de Gest\u00e3o de Servi\u00e7os - DGS<\/option><option value=\"Diretoria de Infraestrutura - DINFRA\">Diretoria de Infraestrutura - DINFRA<\/option><option value=\"Diretoria de Tecnologia da Informa\u00e7\u00e3o - DTI\">Diretoria de Tecnologia da Informa\u00e7\u00e3o - DTI<\/option><option value=\"Divis\u00e3o de Informa\u00e7\u00e3o, Atendimento e Protocolo - DIAP\">Divis\u00e3o de Informa\u00e7\u00e3o, Atendimento e Protocolo - DIAP<\/option><option value=\"Faculdade de Medicina - FAMED\">Faculdade de Medicina - FAMED<\/option><option value=\"Instituto de Estudos do Semi\u00e1rido - IESA\">Instituto de Estudos do Semi\u00e1rido - IESA<\/option><option value=\"Instituto de Forma\u00e7\u00e3o de Educadores - IFE\">Instituto de Forma\u00e7\u00e3o de Educadores - IFE<\/option><option value=\"Instituto Interdiciplinar de Sociedade, Cultura e Arte - IISCA\">Instituto Interdiciplinar de Sociedade, Cultura e Arte - IISCA<\/option><option value=\"Ouvidoria\">Ouvidoria<\/option><option value=\"Pr\u00f3-Reitoria de Administra\u00e7\u00e3o - PROAD\">Pr\u00f3-Reitoria de Administra\u00e7\u00e3o - PROAD<\/option><option value=\"Pr\u00f3-Reitoria de Cultura - PROCULT\">Pr\u00f3-Reitoria de Cultura - PROCULT<\/option><option value=\"Pr\u00f3-Reitoria de Ensino - PROEN\">Pr\u00f3-Reitoria de Ensino - PROEN<\/option><option value=\"Pr\u00f3-Reitoria de Extens\u00e3o - PROEX\">Pr\u00f3-Reitoria de Extens\u00e3o - PROEX<\/option><option value=\"Pr\u00f3-Reitoria de Gest\u00e3o de Pessoas - PROGEP\">Pr\u00f3-Reitoria de Gest\u00e3o de Pessoas - PROGEP<\/option><option value=\"Pr\u00f3-Reitoria de Pesquisa e Inova\u00e7\u00e3o - PRPI\">Pr\u00f3-Reitoria de Pesquisa e Inova\u00e7\u00e3o - PRPI<\/option><option value=\"Pr\u00f3-Reitoria de Planejamento - PROPLAN\">Pr\u00f3-Reitoria de Planejamento - PROPLAN<\/option><option value=\"Reitoria\">Reitoria<\/option><option value=\"Sistemas de Bibliotecas - SIBI\">Sistemas de Bibliotecas - SIBI<\/option><option value=\"Unidade de Auditoria Interna\">Unidade de Auditoria Interna<\/option><\/select><\/span>\n    <\/div>\n<div class=\"three columns alpha\">\n        <label for=\"\">Campus *<\/label><br \/>\n        <span class=\"wpcf7-form-control-wrap campus\"><select name=\"campus\" class=\"wpcf7-form-control wpcf7-select wpcf7-validates-as-required\" aria-required=\"true\" aria-invalid=\"false\"><option value=\"Barbalha\">Barbalha<\/option><option value=\"Brejo santo\">Brejo santo<\/option><option value=\"Crato\">Crato<\/option><option value=\"Juazeiro do Norte\">Juazeiro do Norte<\/option><option value=\"Ic\u00f3\">Ic\u00f3<\/option><\/select><\/span>\n    <\/div>\n<\/div>\n<h2>Sobre o plugin<\/h2>\n<div class=\"row\">\n<div class=\"eleven columns alpha\">\n        <label for=\"\">Nome do plugin*<\/label><br \/>\n        <span class=\"wpcf7-form-control-wrap nomeplugin\"><input type=\"text\" name=\"nomeplugin\" value=\"\" size=\"40\" class=\"wpcf7-form-control wpcf7-text wpcf7-validates-as-required\" aria-required=\"true\" aria-invalid=\"false\" \/><\/span>\n    <\/div>\n<\/div>\n<div class=\"row\">\n<div class=\"eleven columns alpha\">\n        <label for=\"\">Descri\u00e7\u00e3o do plugin *<\/label><br \/>\n        <span class=\"wpcf7-form-control-wrap descricao\"><textarea name=\"descricao\" cols=\"40\" rows=\"10\" class=\"wpcf7-form-control wpcf7-textarea wpcf7-validates-as-required\" aria-required=\"true\" aria-invalid=\"false\"><\/textarea><\/span>\n    <\/div>\n<\/div>\n<div class=\"row\">\n<div class=\"eleven columns alpha\">\n        <label for=\"\">Link do plugin*<\/label><br \/>\n        <span class=\"wpcf7-form-control-wrap link\"><input type=\"text\" name=\"link\" value=\"\" size=\"40\" class=\"wpcf7-form-control wpcf7-text wpcf7-validates-as-required\" aria-required=\"true\" aria-invalid=\"false\" \/><\/span>\n    <\/div>\n<\/div>\n<div class=\"row rating\">\n<div class=\"eleven columns alpha\">\n        <label for=\"\">Estrelas do plugin *<\/label><br \/>\n        <span class=\"wpcf7-form-control-wrap estrelas\"><span class=\"wpcf7-form-control wpcf7-radio\"><span class=\"wpcf7-list-item first\"><input type=\"radio\" name=\"estrelas\" value=\"1\" checked=\"checked\" \/><span class=\"wpcf7-list-item-label\">1<\/span><\/span><span class=\"wpcf7-list-item\"><input type=\"radio\" name=\"estrelas\" value=\"2\" \/><span class=\"wpcf7-list-item-label\">2<\/span><\/span><span class=\"wpcf7-list-item\"><input type=\"radio\" name=\"estrelas\" value=\"3\" \/><span class=\"wpcf7-list-item-label\">3<\/span><\/span><span class=\"wpcf7-list-item\"><input type=\"radio\" name=\"estrelas\" value=\"4\" \/><span class=\"wpcf7-list-item-label\">4<\/span><\/span><span class=\"wpcf7-list-item last\"><input type=\"radio\" name=\"estrelas\" value=\"5\" \/><span class=\"wpcf7-list-item-label\">5<\/span><\/span><\/span><\/span>\n    <\/div>\n<\/div>\n<div class=\"row\">\n<div class=\"eleven columns alpha\">\n        <label for=\"\">N\u00famero de downloads*<\/label><br \/>\n        <span class=\"wpcf7-form-control-wrap downloads\"><input type=\"text\" name=\"downloads\" value=\"\" size=\"40\" class=\"wpcf7-form-control wpcf7-text wpcf7-validates-as-required\" aria-required=\"true\" aria-invalid=\"false\" \/><\/span>\n    <\/div>\n<\/div>\n<p><!------h2>5. Termos e condi\u00e7\u00f5es<\/h2>\n<div class=\"row\">\n<div class=\"eleven columns alpha\">\n        [-----acceptance termos-----] Concordo com os termos e condi\u00e7\u00f5es descritos abaixo:<\/p>\n<div class=\"termos\">\n<p>            Arquivo termos e condi\u00e7\u00f5es<\/p><\/div>\n<\/p><\/div>\n<\/div ------->\n<p><input type=\"submit\" value=\"Enviar\" class=\"wpcf7-form-control wpcf7-submit\" \/><\/p>\n<div class=\"wpcf7-response-output\" role=\"alert\" aria-hidden=\"true\"><\/div><\/form><\/div>\n\n\n\n<p><\/p>\n","protected":false},"excerpt":{"rendered":"","protected":false},"author":244,"featured_media":0,"parent":0,"menu_order":0,"comment_status":"closed","ping_status":"closed","template":"","meta":[],"_links":{"self":[{"href":"https:\/\/sites.ufca.edu.br\/treinamento-sites\/wp-json\/wp\/v2\/pages\/649"}],"collection":[{"href":"https:\/\/sites.ufca.edu.br\/treinamento-sites\/wp-json\/wp\/v2\/pages"}],"about":[{"href":"https:\/\/sites.ufca.edu.br\/treinamento-sites\/wp-json\/wp\/v2\/types\/page"}],"author":[{"embeddable":true,"href":"https:\/\/sites.ufca.edu.br\/treinamento-sites\/wp-json\/wp\/v2\/users\/244"}],"replies":[{"embeddable":true,"href":"https:\/\/sites.ufca.edu.br\/treinamento-sites\/wp-json\/wp\/v2\/comments?post=649"}],"version-history":[{"count":1,"href":"https:\/\/sites.ufca.edu.br\/treinamento-sites\/wp-json\/wp\/v2\/pages\/649\/revisions"}],"predecessor-version":[{"id":651,"href":"https:\/\/sites.ufca.edu.br\/treinamento-sites\/wp-json\/wp\/v2\/pages\/649\/revisions\/651"}],"wp:attachment":[{"href":"https:\/\/sites.ufca.edu.br\/treinamento-sites\/wp-json\/wp\/v2\/media?parent=649"}],"curies":[{"name":"wp","href":"https:\/\/api.w.org\/{rel}","templated":true}]}}