{"id":88,"date":"2021-11-29T13:06:15","date_gmt":"2021-11-29T16:06:15","guid":{"rendered":"https:\/\/sites.ufca.edu.br\/treinamento-sites\/?page_id=88"},"modified":"2023-06-22T13:56:43","modified_gmt":"2023-06-22T16:56:43","slug":"exemplificando-blocos","status":"publish","type":"page","link":"https:\/\/sites.ufca.edu.br\/treinamento-sites\/editor-de-blocos\/exemplificando-blocos\/","title":{"rendered":"Elementos dos Blocos de Inser\u00e7\u00e3o"},"content":{"rendered":"\n<p>Para criar P\u00e1ginas e Post s\u00e3o utilizados os chamados blocos. Cada bloco tem uma fun\u00e7\u00e3o diferente. Pode ter um bloco de texto, bloco de imagens, bloco de lista, bloco de link, etc. S\u00e3o muitas op\u00e7\u00f5es que d\u00e3o mais oportunidades para voc\u00ea diversificar seus posts e p\u00e1ginas. S\u00e3o infinitas as possibilidades do que voc\u00ea pode criar. Tudo depende da sua criatividade.<\/p>\n\n\n\n<p>Os blocos de inser\u00e7\u00e3o podem ser encontrados no editor de blocos do WordPress. Voc\u00ea pode acess\u00e1-lo quando voc\u00ea criar ou atualizar um post ou uma p\u00e1gina.<\/p>\n\n\n\n<p>Para acessar o Editor de Blocos:<\/p>\n\n\n\n<p>No Painel Administrativo v\u00e1 em P\u00e1ginas -&gt; Nova P\u00e1ginas (para Posts o processo \u00e9 semelhante. Basta ir em Posts -&gt; Novo Post). O Editor de Blocos ser\u00e1 aberto. No lado esquerdo ser\u00e1 poss\u00edvel visualizar o \u00edcone \u201c+\u201d azul no canto superior esquerdo . Ao clic\u00e1-lo voc\u00ea visualiza os elementos do bloco de inser\u00e7\u00e3o.<\/p>\n\n\n\n<figure class=\"wp-block-image size-large\"><img loading=\"lazy\" width=\"1024\" height=\"474\" src=\"https:\/\/sites.ufca.edu.br\/treinamento-sites\/wp-content\/uploads\/sites\/172\/2023\/06\/blocos-tutorial-1024x474.png\" alt=\"\" class=\"wp-image-574\" srcset=\"https:\/\/sites.ufca.edu.br\/treinamento-sites\/wp-content\/uploads\/sites\/172\/2023\/06\/blocos-tutorial-1024x474.png 1024w, https:\/\/sites.ufca.edu.br\/treinamento-sites\/wp-content\/uploads\/sites\/172\/2023\/06\/blocos-tutorial-300x139.png 300w, https:\/\/sites.ufca.edu.br\/treinamento-sites\/wp-content\/uploads\/sites\/172\/2023\/06\/blocos-tutorial-768x355.png 768w, https:\/\/sites.ufca.edu.br\/treinamento-sites\/wp-content\/uploads\/sites\/172\/2023\/06\/blocos-tutorial-600x278.png 600w, https:\/\/sites.ufca.edu.br\/treinamento-sites\/wp-content\/uploads\/sites\/172\/2023\/06\/blocos-tutorial-945x437.png 945w, https:\/\/sites.ufca.edu.br\/treinamento-sites\/wp-content\/uploads\/sites\/172\/2023\/06\/blocos-tutorial.png 1368w\" sizes=\"(max-width: 1024px) 100vw, 1024px\" \/><\/figure>\n\n\n\n<p>Os blocos est\u00e3o dividido em categorias<\/p>\n\n\n\n<ul><li>Texto<\/li><li>M\u00eddias<\/li><li>Design<\/li><li>Widget e Embed<\/li><\/ul>\n\n\n\n<p>Para saber mais sobre cada um, clique nos links abaixo:<\/p>\n\n\n\n<ul id=\"block-59efe128-4e39-44cf-99da-b37051447e27\"><li><a href=\"https:\/\/sites.ufca.edu.br\/treinamento-sites\/blocos-de-insercao-texto\/\">Block de Inser\u00e7\u00e3o: Texto<\/a><\/li><li><a href=\"https:\/\/sites.ufca.edu.br\/treinamento-sites\/bloco-de-insercao-midia\/\">Block de Inser\u00e7\u00e3o: M\u00eddias<\/a><\/li><li><a href=\"https:\/\/sites.ufca.edu.br\/treinamento-sites\/bloco-de-insercao-design\/\">Block de Inser\u00e7\u00e3o: Design<\/a><\/li><li><a href=\"https:\/\/sites.ufca.edu.br\/treinamento-sites\/bloco-de-insercao-widgets\/\">Bloco de Inser\u00e7\u00e3o: Widgets e Incorpora\u00e7\u00e3o (Embed)<\/a><\/li><\/ul>\n","protected":false},"excerpt":{"rendered":"<p>Para criar P\u00e1ginas e Post s\u00e3o utilizados os chamados blocos. Cada bloco tem uma fun\u00e7\u00e3o diferente. Pode ter um bloco de texto, bloco de imagens, bloco de lista, bloco de link, etc. S\u00e3o muitas op\u00e7\u00f5es que d\u00e3o mais oportunidades para&#8230; <a class=\"more-link\" href=\"https:\/\/sites.ufca.edu.br\/treinamento-sites\/editor-de-blocos\/exemplificando-blocos\/\">Continue Reading &rarr;<\/a><\/p>\n","protected":false},"author":211,"featured_media":0,"parent":223,"menu_order":0,"comment_status":"closed","ping_status":"closed","template":"","meta":[],"_links":{"self":[{"href":"https:\/\/sites.ufca.edu.br\/treinamento-sites\/wp-json\/wp\/v2\/pages\/88"}],"collection":[{"href":"https:\/\/sites.ufca.edu.br\/treinamento-sites\/wp-json\/wp\/v2\/pages"}],"about":[{"href":"https:\/\/sites.ufca.edu.br\/treinamento-sites\/wp-json\/wp\/v2\/types\/page"}],"author":[{"embeddable":true,"href":"https:\/\/sites.ufca.edu.br\/treinamento-sites\/wp-json\/wp\/v2\/users\/211"}],"replies":[{"embeddable":true,"href":"https:\/\/sites.ufca.edu.br\/treinamento-sites\/wp-json\/wp\/v2\/comments?post=88"}],"version-history":[{"count":21,"href":"https:\/\/sites.ufca.edu.br\/treinamento-sites\/wp-json\/wp\/v2\/pages\/88\/revisions"}],"predecessor-version":[{"id":575,"href":"https:\/\/sites.ufca.edu.br\/treinamento-sites\/wp-json\/wp\/v2\/pages\/88\/revisions\/575"}],"up":[{"embeddable":true,"href":"https:\/\/sites.ufca.edu.br\/treinamento-sites\/wp-json\/wp\/v2\/pages\/223"}],"wp:attachment":[{"href":"https:\/\/sites.ufca.edu.br\/treinamento-sites\/wp-json\/wp\/v2\/media?parent=88"}],"curies":[{"name":"wp","href":"https:\/\/api.w.org\/{rel}","templated":true}]}}